{"id":2327,"date":"2023-01-21T14:47:15","date_gmt":"2023-01-21T14:47:15","guid":{"rendered":"https:\/\/dentalcare.strongholdthemes.com\/dummydata\/demo1\/?page_id=2327"},"modified":"2026-03-28T12:59:58","modified_gmt":"2026-03-28T12:59:58","slug":"iletisim","status":"publish","type":"page","link":"https:\/\/melihyucelsueri.com\/index.php\/iletisim\/","title":{"rendered":"\u0130leti\u015fim"},"content":{"rendered":"\t\t<div data-elementor-type=\"wp-page\" data-elementor-id=\"2327\" class=\"elementor elementor-2327\">\n\t\t\t\t\t\t<section class=\"elementor-section elementor-top-section elementor-element elementor-element-90244cb elementor-section-full_width elementor-section-height-default elementor-section-height-default\" data-id=\"90244cb\" data-element_type=\"section\" data-e-type=\"section\">\n\t\t\t\t\t\t<div class=\"elementor-container elementor-column-gap-no\">\n\t\t\t\t\t<div class=\"elementor-column elementor-col-100 elementor-top-column elementor-element elementor-element-78a5aae\" data-id=\"78a5aae\" data-element_type=\"column\" data-e-type=\"column\">\n\t\t\t<div class=\"elementor-widget-wrap elementor-element-populated\">\n\t\t\t\t\t\t<div class=\"elementor-element elementor-element-1ef84a9 elementor-widget elementor-widget-google_maps\" data-id=\"1ef84a9\" data-element_type=\"widget\" data-e-type=\"widget\" data-widget_type=\"google_maps.default\">\n\t\t\t\t\t\t\t<div class=\"elementor-custom-embed\">\n\t\t\t<iframe loading=\"lazy\"\n\t\t\t\t\tsrc=\"https:\/\/maps.google.com\/maps?q=K%C4%B1z%C4%B1l%C4%B1rmak%20Mah.%20Dumlup%C4%B1nar%20Blv.%20YDA%20Center%20%C4%B0%C5%9F%20Merkezi%20No%3A9A%20Kat%3A4%20Daire%3A102%20%C3%87ankaya%20%2F%20Ankara%20Melih%20Yucel%20Sueri&#038;t=m&#038;z=10&#038;output=embed&#038;iwloc=near\"\n\t\t\t\t\ttitle=\"K\u0131z\u0131l\u0131rmak Mah. Dumlup\u0131nar Blv. YDA Center \u0130\u015f Merkezi No:9A Kat:4 Daire:102 \u00c7ankaya \/ Ankara Melih Yucel Sueri\"\n\t\t\t\t\taria-label=\"K\u0131z\u0131l\u0131rmak Mah. Dumlup\u0131nar Blv. YDA Center \u0130\u015f Merkezi No:9A Kat:4 Daire:102 \u00c7ankaya \/ Ankara Melih Yucel Sueri\"\n\t\t\t><\/iframe>\n\t\t<\/div>\n\t\t\t\t\t\t<\/div>\n\t\t\t\t\t<\/div>\n\t\t<\/div>\n\t\t\t\t\t<\/div>\n\t\t<\/section>\n\t\t\t\t<section class=\"elementor-section elementor-top-section elementor-element elementor-element-d9f60e2 elementor-section-boxed elementor-section-height-default elementor-section-height-default\" data-id=\"d9f60e2\" data-element_type=\"section\" data-e-type=\"section\">\n\t\t\t\t\t\t<div class=\"elementor-container elementor-column-gap-wide\">\n\t\t\t\t\t<div class=\"elementor-column elementor-col-50 elementor-top-column elementor-element elementor-element-2ce649d\" data-id=\"2ce649d\" data-element_type=\"column\" data-e-type=\"column\">\n\t\t\t<div class=\"elementor-widget-wrap elementor-element-populated\">\n\t\t\t\t\t\t<div class=\"elementor-element elementor-element-b65187a elementor-widget elementor-widget-dental-care-heading\" data-id=\"b65187a\" data-element_type=\"widget\" data-e-type=\"widget\" data-widget_type=\"dental-care-heading.default\">\n\t\t\t\t<div class=\"elementor-widget-container\">\n\t\t\t\t\t<div class=\"stronghold-heading\"><div class=\"heading-title\"><h3 class=\"heading-title-element\">Bize Ula\u015f\u0131n<\/h3><\/div><div class=\"heading-separator\"><span> <\/span><\/div><\/div>\t\t\t\t<\/div>\n\t\t\t\t<\/div>\n\t\t\t\t<div class=\"elementor-element elementor-element-f993c2e elementor-widget elementor-widget-text-editor\" data-id=\"f993c2e\" data-element_type=\"widget\" data-e-type=\"widget\" data-widget_type=\"text-editor.default\">\n\t\t\t\t\t\t\t\t\t<p>Randevu, tedavi s\u00fcre\u00e7leri ve muayene hakk\u0131nda bilgi almak i\u00e7in bizimle ileti\u015fime ge\u00e7ebilirsiniz. Klini\u011fimize telefon veya e-posta \u00fczerinden ula\u015fabilir, \u00e7al\u0131\u015fma saatlerimiz i\u00e7erisinde destek alabilirsiniz.<\/p>\t\t\t\t\t\t\t\t<\/div>\n\t\t\t\t<div class=\"elementor-element elementor-element-333409d elementor-widget elementor-widget-dental-care-info-list\" data-id=\"333409d\" data-element_type=\"widget\" data-e-type=\"widget\" data-widget_type=\"dental-care-info-list.default\">\n\t\t\t\t<div class=\"elementor-widget-container\">\n\t\t\t\t\t<div class=\"stronghold-info-list-wrapper\" style=\"\"><div class=\"stronghold-info-list-item\"><span class=\"stronghold-info-list-icon\"><i class=\"stronghold-info-list-icon-element fas fa-map-marker-alt\" style=\" height: 40px !important; line-height: 40px !important; width: 40px !important; border-radius: 6px; padding: 0px !important; border-radius: 50%;\"><\/i><\/span><div class=\"stronghold-info-list-content\"><div class=\"stronghold-info-list-title\"><h4 class=\"stronghold-info-list-title-element\">Adres<\/h4><\/div><div class=\"stronghold-info-list-desc\"><div>K\u0131z\u0131l\u0131rmak Mah. Dumlup\u0131nar Blv. YDA Center \u0130\u015f Merkezi No:9A Kat:4 Daire:102 \u00c7ankaya \/ Ankara<\/div><\/div><\/div><\/div><div class=\"stronghold-info-list-item\"><span class=\"stronghold-info-list-icon\"><i class=\"stronghold-info-list-icon-element fas fa-phone-alt\" style=\" height: 40px !important; line-height: 40px !important; width: 40px !important; border-radius: 6px; padding: 0px !important; border-radius: 50%;\"><\/i><\/span><div class=\"stronghold-info-list-content\"><div class=\"stronghold-info-list-title\"><h4 class=\"stronghold-info-list-title-element\">Telefon:<\/h4><\/div><div class=\"stronghold-info-list-desc\"><div>+90 312 430 40 63 <br> +90 505 627 55 06 <br>\n+90 535 620 67 05<\/div><\/div><\/div><\/div><div class=\"stronghold-info-list-item\"><span class=\"stronghold-info-list-icon\"><i class=\"stronghold-info-list-icon-element fas fa-phone-alt\" style=\" height: 40px !important; line-height: 40px !important; width: 40px !important; border-radius: 6px; padding: 0px !important; border-radius: 50%;\"><\/i><\/span><div class=\"stronghold-info-list-content\"><div class=\"stronghold-info-list-title\"><h4 class=\"stronghold-info-list-title-element\">E-Posta<\/h4><\/div><div class=\"stronghold-info-list-desc\"><div>melihsueri@yahoo.com <br>\n\nesensueri@gmail.com<\/div><\/div><\/div><\/div><div class=\"stronghold-info-list-item\"><span class=\"stronghold-info-list-icon\"><i class=\"stronghold-info-list-icon-element fas fa-phone-alt\" style=\" height: 40px !important; line-height: 40px !important; width: 40px !important; border-radius: 6px; padding: 0px !important; border-radius: 50%;\"><\/i><\/span><div class=\"stronghold-info-list-content\"><div class=\"stronghold-info-list-title\"><h4 class=\"stronghold-info-list-title-element\">\u00c7al\u0131\u015fma Saatleri<\/h4><\/div><div class=\"stronghold-info-list-desc\"><div>Pazartesi - Cuma: 09:30 - 18:00<\/div><\/div><\/div><\/div><div class=\"stronghold-info-list-item\"><span class=\"stronghold-info-list-icon\"><i class=\"stronghold-info-list-icon-element fas fa-phone-alt\" style=\" height: 40px !important; line-height: 40px !important; width: 40px !important; border-radius: 6px; padding: 0px !important; border-radius: 50%;\"><\/i><\/span><div class=\"stronghold-info-list-content\"><div class=\"stronghold-info-list-title\"><h4 class=\"stronghold-info-list-title-element\">\u00c7al\u0131\u015fma Saatleri<\/h4><\/div><div class=\"stronghold-info-list-desc\"><div>Cumartesi: 10:00 - 17:00<\/div><\/div><\/div><\/div><div class=\"stronghold-info-list-item\"><span class=\"stronghold-info-list-icon\"><i class=\"stronghold-info-list-icon-element fas fa-phone-alt\" style=\" height: 40px !important; line-height: 40px !important; width: 40px !important; border-radius: 6px; padding: 0px !important; border-radius: 50%;\"><\/i><\/span><div class=\"stronghold-info-list-content\"><div class=\"stronghold-info-list-title\"><h4 class=\"stronghold-info-list-title-element\">\u00c7al\u0131\u015fma Saatleri\n<\/h4><\/div><div class=\"stronghold-info-list-desc\"><div>Pazar: Kapal\u0131<\/div><\/div><\/div><\/div><\/div>\t\t\t\t<\/div>\n\t\t\t\t<\/div>\n\t\t\t\t\t<\/div>\n\t\t<\/div>\n\t\t\t\t<div class=\"elementor-column elementor-col-50 elementor-top-column elementor-element elementor-element-9e6e9d3\" data-id=\"9e6e9d3\" data-element_type=\"column\" data-e-type=\"column\">\n\t\t\t<div class=\"elementor-widget-wrap elementor-element-populated\">\n\t\t\t\t\t\t<div class=\"elementor-element elementor-element-27bb5b0 elementor-widget elementor-widget-dental-care-heading\" data-id=\"27bb5b0\" data-element_type=\"widget\" data-e-type=\"widget\" data-widget_type=\"dental-care-heading.default\">\n\t\t\t\t<div class=\"elementor-widget-container\">\n\t\t\t\t\t<div class=\"stronghold-heading\"><div class=\"heading-title\"><h3 class=\"heading-title-element\">Mesaj B\u0131rak\u0131n<\/h3><\/div><div class=\"heading-separator\"><span> <\/span><\/div><\/div>\t\t\t\t<\/div>\n\t\t\t\t<\/div>\n\t\t\t\t<div class=\"elementor-element elementor-element-c531d6b elementor-widget elementor-widget-text-editor\" data-id=\"c531d6b\" data-element_type=\"widget\" data-e-type=\"widget\" data-widget_type=\"text-editor.default\">\n\t\t\t\t\t\t\t\t\t<p>Sorular\u0131n\u0131z\u0131, randevu taleplerinizi veya detayl\u0131 bilgi isteklerinizi form \u00fczerinden bize iletebilirsiniz. En k\u0131sa s\u00fcrede sizinle ileti\u015fime ge\u00e7ilecektir.<\/p>\t\t\t\t\t\t\t\t<\/div>\n\t\t\t\t<div class=\"elementor-element elementor-element-77c5e41 elementor-widget elementor-widget-dental-care-contact-form\" data-id=\"77c5e41\" data-element_type=\"widget\" data-e-type=\"widget\" data-widget_type=\"dental-care-contact-form.default\">\n\t\t\t\t<div class=\"elementor-widget-container\">\n\t\t\t\t\t           \r\n            <div class=\"contact-form-wrapper\">\r\n                \n<div class=\"wpcf7 no-js\" id=\"wpcf7-f1634-o1\" lang=\"en-US\" dir=\"ltr\" data-wpcf7-id=\"1634\">\n<div class=\"screen-reader-response\"><p role=\"status\" aria-live=\"polite\" aria-atomic=\"true\"><\/p> <ul><\/ul><\/div>\n<form action=\"\/index.php\/wp-json\/wp\/v2\/pages\/2327#wpcf7-f1634-o1\" method=\"post\" class=\"wpcf7-form init\" aria-label=\"Contact form\" novalidate=\"novalidate\" data-status=\"init\">\n<fieldset class=\"hidden-fields-container\"><input type=\"hidden\" name=\"_wpcf7\" value=\"1634\" \/><input type=\"hidden\" name=\"_wpcf7_version\" value=\"6.1.5\" \/><input type=\"hidden\" name=\"_wpcf7_locale\" value=\"en_US\" \/><input type=\"hidden\" name=\"_wpcf7_unit_tag\" value=\"wpcf7-f1634-o1\" \/><input type=\"hidden\" name=\"_wpcf7_container_post\" value=\"0\" \/><input type=\"hidden\" name=\"_wpcf7_posted_data_hash\" value=\"\" \/>\n<\/fieldset>\n<div class=\"input-group\">\n\t<p><span class=\"wpcf7-form-control-wrap\" data-name=\"text-692\"><input size=\"40\" maxlength=\"400\" class=\"wpcf7-form-control wpcf7-text wpcf7-validates-as-required\" aria-required=\"true\" aria-invalid=\"false\" placeholder=\"Name*\" value=\"\" type=\"text\" name=\"text-692\" \/><\/span>\n\t<\/p>\n<\/div>\n<div class=\"input-group\">\n\t<p><span class=\"wpcf7-form-control-wrap\" data-name=\"email-230\"><input size=\"40\" maxlength=\"400\" class=\"wpcf7-form-control wpcf7-email wpcf7-validates-as-required wpcf7-text wpcf7-validates-as-email\" aria-required=\"true\" aria-invalid=\"false\" placeholder=\"Email*\" value=\"\" type=\"email\" name=\"email-230\" \/><\/span>\n\t<\/p>\n<\/div>\n<div class=\"input-group\">\n\t<p><span class=\"wpcf7-form-control-wrap\" data-name=\"text-693\"><input size=\"40\" maxlength=\"400\" class=\"wpcf7-form-control wpcf7-text wpcf7-validates-as-required\" aria-required=\"true\" aria-invalid=\"false\" placeholder=\"Phone Number*\" value=\"\" type=\"text\" name=\"text-693\" \/><\/span>\n\t<\/p>\n<\/div>\n<p><span class=\"wpcf7-form-control-wrap\" data-name=\"textarea-248\"><textarea cols=\"40\" rows=\"10\" maxlength=\"2000\" class=\"wpcf7-form-control wpcf7-textarea wpcf7-validates-as-required\" aria-required=\"true\" aria-invalid=\"false\" placeholder=\"Message\" name=\"textarea-248\"><\/textarea><\/span>\n<\/p>\n<p><input class=\"wpcf7-form-control wpcf7-submit has-spinner\" type=\"submit\" value=\"Send\" \/>\n<\/p><div class=\"wpcf7-response-output\" aria-hidden=\"true\"><\/div>\n<\/form>\n<\/div>\n            <\/div>\r\n            \t\t\t\t<\/div>\n\t\t\t\t<\/div>\n\t\t\t\t\t<\/div>\n\t\t<\/div>\n\t\t\t\t\t<\/div>\n\t\t<\/section>\n\t\t\t\t<\/div>\n\t\t","protected":false},"excerpt":{"rendered":"<p>Bize Ula\u015f\u0131n Randevu, tedavi s\u00fcre\u00e7leri ve muayene hakk\u0131nda bilgi almak i\u00e7in bizimle ileti\u015fime ge\u00e7ebilirsiniz. Klini\u011fimize telefon veya e-posta \u00fczerinden ula\u015fabilir, \u00e7al\u0131\u015fma saatlerimiz i\u00e7erisinde destek alabilirsiniz. Adres K\u0131z\u0131l\u0131rmak Mah. Dumlup\u0131nar Blv. YDA Center \u0130\u015f Merkezi No:9A Kat:4 Daire:102 \u00c7ankaya \/ Ankara Telefon: +90 312 430 40 63 +90 505 627 55 06 +90 535 620 67 [&hellip;]<\/p>\n","protected":false},"author":1,"featured_media":0,"parent":0,"menu_order":0,"comment_status":"closed","ping_status":"closed","template":"","meta":{"footnotes":""},"class_list":["post-2327","page","type-page","status-publish","hentry"],"_links":{"self":[{"href":"https:\/\/melihyucelsueri.com\/index.php\/wp-json\/wp\/v2\/pages\/2327","targetHints":{"allow":["GET"]}}],"collection":[{"href":"https:\/\/melihyucelsueri.com\/index.php\/wp-json\/wp\/v2\/pages"}],"about":[{"href":"https:\/\/melihyucelsueri.com\/index.php\/wp-json\/wp\/v2\/types\/page"}],"author":[{"embeddable":true,"href":"https:\/\/melihyucelsueri.com\/index.php\/wp-json\/wp\/v2\/users\/1"}],"replies":[{"embeddable":true,"href":"https:\/\/melihyucelsueri.com\/index.php\/wp-json\/wp\/v2\/comments?post=2327"}],"version-history":[{"count":7,"href":"https:\/\/melihyucelsueri.com\/index.php\/wp-json\/wp\/v2\/pages\/2327\/revisions"}],"predecessor-version":[{"id":3884,"href":"https:\/\/melihyucelsueri.com\/index.php\/wp-json\/wp\/v2\/pages\/2327\/revisions\/3884"}],"wp:attachment":[{"href":"https:\/\/melihyucelsueri.com\/index.php\/wp-json\/wp\/v2\/media?parent=2327"}],"curies":[{"name":"wp","href":"https:\/\/api.w.org\/{rel}","templated":true}]}}